{"id":12929,"date":"2015-11-23T19:51:52","date_gmt":"2015-11-23T19:51:52","guid":{"rendered":"http:\/\/www16.fidelitypac.ca\/?page_id=12929"},"modified":"2022-01-24T17:02:04","modified_gmt":"2022-01-24T22:02:04","slug":"infolettre-centre-dinfo","status":"publish","type":"page","link":"https:\/\/www.fidelitypac.ca\/fr\/infolettre-centre-dinfo\/","title":{"rendered":"INFOLETTRE &#038; CENTRE D\u2019INFO"},"content":{"rendered":"\n<h2 class=\"wp-block-heading\">INFOLETTRE &amp; CENTRE D\u2019INFO<\/h2>\n\n\n\n<div class=\"wp-block-columns is-layout-flex wp-container-core-columns-layout-1 wp-block-columns-is-layout-flex\">\n<div class=\"wp-block-column is-layout-flow wp-block-column-is-layout-flow\">\n<h2 class=\"has-text-align-center infomail_title wp-block-heading\">Qu\u2019est-ce que l&#8217;INFOLETTRE <\/h2>\n\n\n\n<p class=\"has-text-align-center\">L&#8217;Infolettre de M\u00e9taux Fid\u00e9lit\u00e9 Pac est un service GRATUIT. L\u2019inscription vous permet de recevoir des informations sur trois nombres importants chaque matin. Vous obtenez \u2013 le cours de cl\u00f4ture LME pour le nickel et l\u2019aluminium et le taux de change entre le Canada et les \u00c9tats-Unis \u2013 directement dans votre bo\u00eete courriel ou sur votre t\u00e9l\u00e9phone cellulaire! C\u2019est tout; il n\u2019y a AUCUNE nouvelle, AUCUNE publicit\u00e9, AUCUNE sollicitation ou autre chose.<\/p>\n<\/div>\n\n\n\n<div class=\"wp-block-column is-layout-flow wp-block-column-is-layout-flow\">\n<h2 class=\"has-text-align-center infomail_title wp-block-heading\">Qu\u2019est-ce que le Centre d\u2019information?<\/h2>\n\n\n\n<p class=\"has-text-align-center\">Le Centre d\u2019information est une application de bureau GRATUITE con\u00e7ue pour apporter rapidement et sans d\u00e9lai des informations pertinentes \u00e0 nos clients. Obtenez des informations rapides et des liens directs vers des informations importantes telles que : suppl\u00e9ments, prix du nickel, taux de change, sp\u00e9cifications, graphiques de poids, etc. Une version de navigateur Web facile \u00e0 mettre en signet et une version mobile du Centre d\u2019info seront \u00e9galement disponibles sous peu.<\/p>\n<\/div>\n<\/div>\n","protected":false},"excerpt":{"rendered":"<p>INFOLETTRE &amp; CENTRE D\u2019INFO Qu\u2019est-ce que l&#8217;INFOLETTRE L&#8217;Infolettre de M\u00e9taux Fid\u00e9lit\u00e9 Pac est un service GRATUIT. L\u2019inscription vous permet de recevoir des informations sur trois nombres importants chaque matin. Vous obtenez \u2013 le cours de cl\u00f4ture LME pour le nickel et l\u2019aluminium et le taux de change entre le Canada et les \u00c9tats-Unis \u2013 directement [&hellip;]<\/p>\n","protected":false},"author":1,"featured_media":0,"parent":0,"menu_order":0,"comment_status":"closed","ping_status":"closed","template":"page-infocentre.php","meta":{"_coblocks_attr":"","_coblocks_dimensions":"","_coblocks_responsive_height":"","_coblocks_accordion_ie_support":"","_monsterinsights_skip_tracking":false,"_monsterinsights_sitenote_active":false,"_monsterinsights_sitenote_note":"","_monsterinsights_sitenote_category":0,"footnotes":""},"_links":{"self":[{"href":"https:\/\/www.fidelitypac.ca\/fr\/wp-json\/wp\/v2\/pages\/12929"}],"collection":[{"href":"https:\/\/www.fidelitypac.ca\/fr\/wp-json\/wp\/v2\/pages"}],"about":[{"href":"https:\/\/www.fidelitypac.ca\/fr\/wp-json\/wp\/v2\/types\/page"}],"author":[{"embeddable":true,"href":"https:\/\/www.fidelitypac.ca\/fr\/wp-json\/wp\/v2\/users\/1"}],"replies":[{"embeddable":true,"href":"https:\/\/www.fidelitypac.ca\/fr\/wp-json\/wp\/v2\/comments?post=12929"}],"version-history":[{"count":54,"href":"https:\/\/www.fidelitypac.ca\/fr\/wp-json\/wp\/v2\/pages\/12929\/revisions"}],"predecessor-version":[{"id":15331,"href":"https:\/\/www.fidelitypac.ca\/fr\/wp-json\/wp\/v2\/pages\/12929\/revisions\/15331"}],"wp:attachment":[{"href":"https:\/\/www.fidelitypac.ca\/fr\/wp-json\/wp\/v2\/media?parent=12929"}],"curies":[{"name":"wp","href":"https:\/\/api.w.org\/{rel}","templated":true}]}}