{"id":13052,"date":"2015-11-26T18:07:22","date_gmt":"2015-11-26T18:07:22","guid":{"rendered":"http:\/\/www16.fidelitypac.ca\/?page_id=13052"},"modified":"2024-03-13T00:44:49","modified_gmt":"2024-03-13T05:44:49","slug":"tableaux-de-poids","status":"publish","type":"page","link":"https:\/\/www.fidelitypac.ca\/fr\/tableaux-de-poids\/","title":{"rendered":"TABLEAUX DE POIDS"},"content":{"rendered":"\n<h2 class=\"wp-block-heading\">TABLEAUX DE POIDS<\/h2>\n\n\n\n<figure class=\"wp-block-table is-style-regular\"><table><thead><tr><th>Prodcuit<\/th><th>T\u00e9l\u00e9charger<\/th><\/tr><\/thead><tbody><tr><td><\/td><td><\/td><\/tr><tr><td>Angle en inox<\/td><td><a href=\"https:\/\/www.fidelitypac.ca\/en\/wp-content\/uploads\/2016\/02\/Angle-Bar-Weight-Chart.pdf\"><i class=\"fas fa-file-download\"><\/i><\/a><\/td><\/tr><tr><td><\/td><td><\/td><\/tr><tr><td>Barre plate en inox<\/td><td><a href=\"https:\/\/www.fidelitypac.ca\/en\/wp-content\/uploads\/2016\/02\/Flat-Bar-Weight-Chart.pdf\"><i class=\"fas fa-file-download\"><\/i><\/a><\/td><\/tr><tr><td><\/td><td><\/td><\/tr><tr><td>Hexagone et carr\u00e9 en inox<\/td><td><a href=\"https:\/\/www.fidelitypac.ca\/en\/wp-content\/uploads\/2016\/02\/Hex-Bar-and-Square-Bar-Weight-Charts.pdf\"><i class=\"fas fa-file-download\"><\/i><\/a><\/td><\/tr><tr><td><\/td><td><\/td><\/tr><tr><td>Barre ronde en inox<\/td><td><a href=\"https:\/\/www.fidelitypac.ca\/en\/wp-content\/uploads\/2016\/02\/Round-Bar-Weight-Chart.pdf\"><i class=\"fas fa-file-download\"><\/i><\/a><\/td><\/tr><tr><td><\/td><td><\/td><\/tr><tr><td>Tube rond en inox<\/td><td><a href=\"https:\/\/www.fidelitypac.ca\/en\/wp-content\/uploads\/2016\/02\/Round-Tube-Weight-Chart.pdf\"><i class=\"fas fa-file-download\"><\/i><\/a><\/td><\/tr><tr><td><\/td><td><\/td><\/tr><tr><td>Tube carr\u00e9 en inox<\/td><td><a href=\"https:\/\/www.fidelitypac.ca\/en\/wp-content\/uploads\/2016\/02\/Square-Tube-Weight-Chart.pdf\"><i class=\"fas fa-file-download\"><\/i><\/a><\/td><\/tr><tr><td><\/td><td><\/td><\/tr><tr><td>Tube rectangulaire en inox<\/td><td><a href=\"https:\/\/www.fidelitypac.ca\/specsheets\/Rectangular Tube Weight Chart.pdf\"><i class=\"fas fa-file-download\"><\/a><\/td><\/tr><tr><td><\/td><td><\/td><\/tr><tr><td>Tube de pression en inox et \u00e9clat de tuyau \/ tableaux de poids<\/td><td><a href=\"https:\/\/www.fidelitypac.ca\/en\/wp-content\/uploads\/2016\/02\/Tube-Pipe.pdf\"><i class=\"fas fa-file-download\"><\/i><\/a><\/td><\/tr><tr><td><\/td><td><\/td><\/tr><\/tbody><\/table><\/figure>\n","protected":false},"excerpt":{"rendered":"<p>TABLEAUX DE POIDS Prodcuit T\u00e9l\u00e9charger Angle en inox Barre plate en inox Hexagone et carr\u00e9 en inox Barre ronde en inox Tube rond en inox Tube carr\u00e9 en inox Tube rectangulaire en inox Tube de pression en inox et \u00e9clat de tuyau \/ tableaux de poids<\/p>\n","protected":false},"author":1,"featured_media":0,"parent":0,"menu_order":0,"comment_status":"closed","ping_status":"closed","template":"","meta":{"_coblocks_attr":"","_coblocks_dimensions":"","_coblocks_responsive_height":"","_coblocks_accordion_ie_support":"","_monsterinsights_skip_tracking":false,"_monsterinsights_sitenote_active":false,"_monsterinsights_sitenote_note":"","_monsterinsights_sitenote_category":0,"footnotes":""},"_links":{"self":[{"href":"https:\/\/www.fidelitypac.ca\/fr\/wp-json\/wp\/v2\/pages\/13052"}],"collection":[{"href":"https:\/\/www.fidelitypac.ca\/fr\/wp-json\/wp\/v2\/pages"}],"about":[{"href":"https:\/\/www.fidelitypac.ca\/fr\/wp-json\/wp\/v2\/types\/page"}],"author":[{"embeddable":true,"href":"https:\/\/www.fidelitypac.ca\/fr\/wp-json\/wp\/v2\/users\/1"}],"replies":[{"embeddable":true,"href":"https:\/\/www.fidelitypac.ca\/fr\/wp-json\/wp\/v2\/comments?post=13052"}],"version-history":[{"count":55,"href":"https:\/\/www.fidelitypac.ca\/fr\/wp-json\/wp\/v2\/pages\/13052\/revisions"}],"predecessor-version":[{"id":15435,"href":"https:\/\/www.fidelitypac.ca\/fr\/wp-json\/wp\/v2\/pages\/13052\/revisions\/15435"}],"wp:attachment":[{"href":"https:\/\/www.fidelitypac.ca\/fr\/wp-json\/wp\/v2\/media?parent=13052"}],"curies":[{"name":"wp","href":"https:\/\/api.w.org\/{rel}","templated":true}]}}