{"id":14890,"date":"2020-04-28T11:07:06","date_gmt":"2020-04-28T11:07:06","guid":{"rendered":"https:\/\/new.fidelitypac.ca\/french\/?page_id=14890"},"modified":"2024-03-13T00:19:06","modified_gmt":"2024-03-13T05:19:06","slug":"fiches-techniques","status":"publish","type":"page","link":"https:\/\/www.fidelitypac.ca\/fr\/fiches-techniques\/","title":{"rendered":"FICHES TECHNIQUES"},"content":{"rendered":"\n<h2 class=\"wp-block-heading\">FICHES TECHNIQUES<\/h2>\n\n\n\n<p class=\"has-text-align-center\">Veuillez s\u00e9lectionner une cat\u00e9gorie<\/p>\n\n\n\n<p class=\"has-text-align-center select-category\">ou <a href=\"https:\/\/fidelitypac.ca\/specsheets\/All_SpecSheets_2020.zip\" data-type=\"URL\">T\u00e9l\u00e9chargez toutes nos fiches techniques<\/a><\/p>\n\n\n\n<div class=\"wp-block-coblocks-accordion\">\n<div class=\"wp-block-coblocks-accordion-item\"><details><summary class=\"wp-block-coblocks-accordion-item__title\">PRODUITS LONGS<\/summary><div class=\"wp-block-coblocks-accordion-item__content\">\n<p><a href=\"https:\/\/www.fidelitypac.ca\/fr\/fiches-techniques\/barre-ronde\/\">ROND<\/a><\/p>\n\n\n\n<p><a href=\"https:\/\/www.fidelitypac.ca\/fr\/fiches-techniques\/angle\/\">CORNI\u00c8RE<\/a><\/p>\n\n\n\n<p><a href=\"https:\/\/www.fidelitypac.ca\/fr\/fiches-techniques\/appartement\/\">PLAT<\/a><\/p>\n\n\n\n<p><a href=\"https:\/\/www.fidelitypac.ca\/fr\/fiches-techniques\/carre\/\">CARR\u00c9<\/a><\/p>\n\n\n\n<p><a href=\"https:\/\/www.fidelitypac.ca\/fr\/fiches-techniques\/hexagone\/\">HEXAGONE<\/a><\/p>\n\n\n\n<p><a href=\"https:\/\/fidelitypac.ca\/specsheets\/All_Long+Products.zip\">Tous les produits longs<\/a><\/p>\n<\/div><\/details><\/div>\n<\/div>\n\n\n\n<div class=\"wp-block-coblocks-accordion\">\n<div class=\"wp-block-coblocks-accordion-item\"><details><summary class=\"wp-block-coblocks-accordion-item__title\">TUBES<\/summary><div class=\"wp-block-coblocks-accordion-item__content\">\n<p><a href=\"https:\/\/www.fidelitypac.ca\/fr\/fiches-techniques\/soude-ornemental\/\">Soud\u00e9 (ornemental)<\/a><\/p>\n\n\n\n<p><a href=\"https:\/\/www.fidelitypac.ca\/fr\/fiches-techniques\/soude\/\">Soud\u00e9<\/a><\/p>\n\n\n\n<p><a href=\"https:\/\/www.fidelitypac.ca\/fr\/fiches-techniques\/sans-couture\/\">Sans soudure<\/a><\/p>\n\n\n\n<p><a href=\"https:\/\/fidelitypac.ca\/specsheets\/All_Tubular.zip\">Tous les tubes<\/a><\/p>\n<\/div><\/details><\/div>\n<\/div>\n\n\n\n<div class=\"wp-block-coblocks-accordion\">\n<div class=\"wp-block-coblocks-accordion-item\"><details><summary class=\"wp-block-coblocks-accordion-item__title\">TUYAUX, SOUPAPES ET RACCORDS (PVF)<\/summary><div class=\"wp-block-coblocks-accordion-item__content\">\n<p><a href=\"https:\/\/www.fidelitypac.ca\/fr\/fiches-techniques\/pipe-soudee\/\">Tuyau soud\u00e9<\/a><\/p>\n\n\n\n<p><a href=\"https:\/\/www.fidelitypac.ca\/fr\/fiches-techniques\/pipe-sans-soudure\/\">Tuyau sans soudure<\/a><\/p>\n\n\n\n<p><a href=\"https:\/\/www.fidelitypac.ca\/fr\/fiches-techniques\/vannes\/\">Soupapes<\/a><\/p>\n\n\n\n<p><a href=\"https:\/\/www.fidelitypac.ca\/french\/fiches-techniques\/raccords\/\">Rac<\/a><a href=\"https:\/\/www.fidelitypac.ca\/fr\/fiches-techniques\/raccords\/\">c<\/a><a href=\"https:\/\/www.fidelitypac.ca\/french\/fiches-techniques\/raccords\/\">ords<\/a><\/p>\n\n\n\n<p><a href=\"https:\/\/www.fidelitypac.ca\/fr\/fiches-techniques\/brides\/\">Brides<\/a><\/p>\n\n\n\n<p><a href=\"https:\/\/fidelitypac.ca\/specsheets\/All_PVF.zip\">Tous les produits (PVF)<\/a><\/p>\n<\/div><\/details><\/div>\n<\/div>\n","protected":false},"excerpt":{"rendered":"<p>FICHES TECHNIQUES Veuillez s\u00e9lectionner une cat\u00e9gorie ou T\u00e9l\u00e9chargez toutes nos fiches techniques<\/p>\n","protected":false},"author":5,"featured_media":0,"parent":0,"menu_order":0,"comment_status":"closed","ping_status":"closed","template":"","meta":{"_coblocks_attr":"","_coblocks_dimensions":"","_coblocks_responsive_height":"","_coblocks_accordion_ie_support":"","_monsterinsights_skip_tracking":false,"_monsterinsights_sitenote_active":false,"_monsterinsights_sitenote_note":"","_monsterinsights_sitenote_category":0,"footnotes":""},"_links":{"self":[{"href":"https:\/\/www.fidelitypac.ca\/fr\/wp-json\/wp\/v2\/pages\/14890"}],"collection":[{"href":"https:\/\/www.fidelitypac.ca\/fr\/wp-json\/wp\/v2\/pages"}],"about":[{"href":"https:\/\/www.fidelitypac.ca\/fr\/wp-json\/wp\/v2\/types\/page"}],"author":[{"embeddable":true,"href":"https:\/\/www.fidelitypac.ca\/fr\/wp-json\/wp\/v2\/users\/5"}],"replies":[{"embeddable":true,"href":"https:\/\/www.fidelitypac.ca\/fr\/wp-json\/wp\/v2\/comments?post=14890"}],"version-history":[{"count":20,"href":"https:\/\/www.fidelitypac.ca\/fr\/wp-json\/wp\/v2\/pages\/14890\/revisions"}],"predecessor-version":[{"id":15422,"href":"https:\/\/www.fidelitypac.ca\/fr\/wp-json\/wp\/v2\/pages\/14890\/revisions\/15422"}],"wp:attachment":[{"href":"https:\/\/www.fidelitypac.ca\/fr\/wp-json\/wp\/v2\/media?parent=14890"}],"curies":[{"name":"wp","href":"https:\/\/api.w.org\/{rel}","templated":true}]}}