{"id":14894,"date":"2020-04-28T11:11:32","date_gmt":"2020-04-28T11:11:32","guid":{"rendered":"https:\/\/new.fidelitypac.ca\/french\/?page_id=14894"},"modified":"2024-03-13T00:28:14","modified_gmt":"2024-03-13T05:28:14","slug":"tolerances","status":"publish","type":"page","link":"https:\/\/www.fidelitypac.ca\/fr\/tolerances\/","title":{"rendered":"TOL\u00c9RANCES"},"content":{"rendered":"\n<h2 class=\"wp-block-heading\">TOL\u00c9RANCES<\/h2>\n\n\n\n<figure class=\"wp-block-table\"><table><thead><tr><th>Produit<\/th><th>T\u00e9l\u00e9charger<\/th><\/tr><\/thead><tbody><tr><td><\/td><td><\/td><\/tr><tr><td> Variations permises dans la barre ronde <\/td><td><figure><a href=\"http:\/\/www.fidelitypac.ca\/en\/wp-content\/uploads\/2016\/02\/Stainless-Steel-Round-Bar.pdf\"><i class=\"fas fa-file-download\"><\/a><\/figure><\/td><\/tr><tr><td><\/td><td><\/td><\/tr><tr><td>Variations dimensionnelles permises pour les barres plates d\u00e9coup\u00e9es dans une bande ou une plaque<\/td><td><figure><a href=\"http:\/\/www.fidelitypac.ca\/en\/wp-content\/uploads\/2016\/02\/Flat-Bar-Cut-From-Plate.pdf\"><i class=\"fas fa-file-download\"><\/a><\/figure><\/td><\/tr><tr><td><\/td><td><\/td><\/tr><tr><td>Variations permises dans la taille pour les barres carr\u00e9es finies \u00e0 chaud et\/ou \u00e0 froid<\/td><td><figure><a href=\"http:\/\/www.fidelitypac.ca\/en\/wp-content\/uploads\/2016\/02\/Stainless-Steel-Flat-Bar-Hot-Rolled.pdf\"><i class=\"fas fa-file-download\"><\/a><\/figure><\/td><\/tr><tr><td><\/td><td><\/td><\/tr><tr><td>Variations permises dans la taille pour les barres carr\u00e9es finies \u00e0 chaud et\/ou \u00e0 froid<\/td><td><figure><a href=\"http:\/\/www.fidelitypac.ca\/en\/wp-content\/uploads\/2016\/02\/Stainless-Steels-Squares.pdf\"><i class=\"fas fa-file-download\"><\/a><\/figure><\/td><\/tr><tr><td><\/td><td><\/td><\/tr><tr><td>Variations permises dans la taille pour les barres hexagonales finies \u00e0 chaud et\/ou \u00e0 froid<\/td><td><figure><a href=\"http:\/\/www.fidelitypac.ca\/en\/wp-content\/uploads\/2016\/02\/Stainless-Steel-Hexagons.pdf\"><i class=\"fas fa-file-download\"><\/a><\/figure><\/td><\/tr><tr><td><\/td><td><\/td><\/tr><tr><td>Tol\u00e9rances pour les tubes ronds<\/td><td><figure><a href=\"http:\/\/www.fidelitypac.ca\/tolerances\/en\/wp-content\/uploads\/2016\/02\/Stainless-Steel-Ornamental-Round-Tube.pdf\"><i class=\"fas fa-file-download\"><\/a><\/figure><\/td><\/tr><tr><td><\/td><td><\/td><\/tr><tr><td>Tol\u00e9rances pour les tubes carr\u00e9s et rectangulaires<\/td><td><figure><a href=\"http:\/\/www.fidelitypac.ca\/en\/wp-content\/uploads\/2016\/02\/Stainless-Steel-Square-and-Rectangular-Tube1.pdf\"><i class=\"fas fa-file-download\"><\/a><\/figure><\/td><\/tr><tr><td><\/td><td><\/td><\/tr><tr><td>Tol\u00e9rances du diam\u00e8tre du tuyau<\/td><td><figure><a href=\"http:\/\/www.fidelitypac.ca\/en\/wp-content\/uploads\/2016\/02\/Stainless-Steel-Pipe-Diameter-Tolerances.pdf\"><i class=\"fas fa-file-download\"><\/a><\/figure><\/td><\/tr><tr><td><\/td><td><\/td><\/tr><\/tbody><\/table><\/figure>\n","protected":false},"excerpt":{"rendered":"<p>TOL\u00c9RANCES Produit T\u00e9l\u00e9charger Variations permises dans la barre ronde Variations dimensionnelles permises pour les barres plates d\u00e9coup\u00e9es dans une bande ou une plaque Variations permises dans la taille pour les barres carr\u00e9es finies \u00e0 chaud et\/ou \u00e0 froid Variations permises dans la taille pour les barres carr\u00e9es finies \u00e0 chaud et\/ou \u00e0 froid Variations permises [&hellip;]<\/p>\n","protected":false},"author":5,"featured_media":0,"parent":0,"menu_order":0,"comment_status":"closed","ping_status":"closed","template":"","meta":{"_coblocks_attr":"","_coblocks_dimensions":"","_coblocks_responsive_height":"","_coblocks_accordion_ie_support":"","_monsterinsights_skip_tracking":false,"_monsterinsights_sitenote_active":false,"_monsterinsights_sitenote_note":"","_monsterinsights_sitenote_category":0,"footnotes":""},"_links":{"self":[{"href":"https:\/\/www.fidelitypac.ca\/fr\/wp-json\/wp\/v2\/pages\/14894"}],"collection":[{"href":"https:\/\/www.fidelitypac.ca\/fr\/wp-json\/wp\/v2\/pages"}],"about":[{"href":"https:\/\/www.fidelitypac.ca\/fr\/wp-json\/wp\/v2\/types\/page"}],"author":[{"embeddable":true,"href":"https:\/\/www.fidelitypac.ca\/fr\/wp-json\/wp\/v2\/users\/5"}],"replies":[{"embeddable":true,"href":"https:\/\/www.fidelitypac.ca\/fr\/wp-json\/wp\/v2\/comments?post=14894"}],"version-history":[{"count":9,"href":"https:\/\/www.fidelitypac.ca\/fr\/wp-json\/wp\/v2\/pages\/14894\/revisions"}],"predecessor-version":[{"id":15433,"href":"https:\/\/www.fidelitypac.ca\/fr\/wp-json\/wp\/v2\/pages\/14894\/revisions\/15433"}],"wp:attachment":[{"href":"https:\/\/www.fidelitypac.ca\/fr\/wp-json\/wp\/v2\/media?parent=14894"}],"curies":[{"name":"wp","href":"https:\/\/api.w.org\/{rel}","templated":true}]}}