{"id":15072,"date":"2020-09-30T20:46:55","date_gmt":"2020-09-30T20:46:55","guid":{"rendered":"https:\/\/new.fidelitypac.ca\/french\/?page_id=15072"},"modified":"2022-01-24T16:34:49","modified_gmt":"2022-01-24T21:34:49","slug":"aluminum","status":"publish","type":"page","link":"https:\/\/www.fidelitypac.ca\/fr\/aluminum\/","title":{"rendered":"Profil\u00e9s d&#8217;aluminium 6061-T6511"},"content":{"rendered":"\n<div class=\"wp-block-columns is-layout-flex wp-container-core-columns-layout-1 wp-block-columns-is-layout-flex\">\n<div class=\"wp-block-column product-chart-column is-layout-flow wp-block-column-is-layout-flow\">\n<h3 class=\"product-chart-heading wp-block-heading\">Ronds (ARB)<\/h3>\n\n\n\n<p class=\"has-text-align-center product-chart-content\"><span style=\"color:#353534\" class=\"has-inline-color\">\u00c9paisseur :<\/span> de <span style=\"color:#606161\" class=\"has-inline-color\">3\/8 \u00e0 4<\/span><\/p>\n<\/div>\n\n\n\n<div class=\"wp-block-column product-chart-column is-layout-flow wp-block-column-is-layout-flow\">\n<h3 class=\"product-chart-heading wp-block-heading\">Plats (AFL)<\/h3>\n\n\n\n<p class=\"has-text-align-center product-chart-content\"><span style=\"color:#353534\" class=\"has-inline-color\">\u00c9paisseur : <\/span>de 1\/8 \u00e0 1\/2<\/p>\n\n\n\n<p class=\"has-text-align-center product-chart-content\"><span style=\"color:#353534\" class=\"has-inline-color\">Largeur :<\/span> de 3\/4 \u00e0 6<\/p>\n<\/div>\n\n\n\n<div class=\"wp-block-column product-chart-column is-layout-flow wp-block-column-is-layout-flow\">\n<h3 class=\"product-chart-heading wp-block-heading\">Corni\u00e8res (AAN)<\/h3>\n\n\n\n<p class=\"has-text-align-center product-chart-content\"><span style=\"color:#353534\" class=\"has-inline-color\">\u00c9paisseur : <\/span>de 1\/8 \u00e0 3\/8<\/p>\n\n\n\n<p class=\"has-text-align-center product-chart-content\"><span style=\"color:#353534\" class=\"has-inline-color\">Ailes :<\/span> \u00c9gales ou non, de 3\/4 \u00e0 4<\/p>\n<\/div>\n\n\n\n<div class=\"wp-block-column product-chart-column is-layout-flow wp-block-column-is-layout-flow\">\n<h3 class=\"product-chart-heading wp-block-heading\">Tubes carr\u00e9s (ON)<\/h3>\n\n\n\n<p class=\"has-text-align-center product-chart-content\"><span style=\"color:#353534\" class=\"has-inline-color\">\u00c9paisseur :<\/span> 1\/8, 3\/16, 1\/4<\/p>\n\n\n\n<p class=\"has-text-align-center product-chart-content\"><span style=\"color:#353534\" class=\"has-inline-color\">Largeur :<\/span> de 1 \u00e0 4<\/p>\n<\/div>\n\n\n\n<div class=\"wp-block-column product-chart-column is-layout-flow wp-block-column-is-layout-flow\">\n<h3 class=\"product-chart-heading wp-block-heading\">Profil\u00e9s en U (ACH)<\/h3>\n\n\n\n<p class=\"has-text-align-center product-chart-content\"><span style=\"color:#353534\" class=\"has-inline-color\">\u00c9paisseur :<\/span> 3\/16, \u00bc, 9\/32<\/p>\n\n\n\n<p class=\"has-text-align-center product-chart-content\">Diverses dimensions<\/p>\n<\/div>\n\n\n\n<div class=\"wp-block-column product-chart-column is-layout-flow wp-block-column-is-layout-flow\">\n<h3 class=\"product-chart-heading wp-block-heading\">Tuyau (API)<\/h3>\n\n\n\n<p class=\"has-text-align-center product-chart-content\"><span style=\"color:#353534\" class=\"has-inline-color\">\u00c9paisseur :<\/span> S40 et S80<\/p>\n\n\n\n<p class=\"has-text-align-center product-chart-content\"><span style=\"color:#353534\" class=\"has-inline-color\">Diam\u00e8tre : <\/span> de \u00bd \u00e0 4<\/p>\n<\/div>\n<\/div>\n","protected":false},"excerpt":{"rendered":"<p>Ronds (ARB) \u00c9paisseur : de 3\/8 \u00e0 4 Plats (AFL) \u00c9paisseur : de 1\/8 \u00e0 1\/2 Largeur : de 3\/4 \u00e0 6 Corni\u00e8res (AAN) \u00c9paisseur : de 1\/8 \u00e0 3\/8 Ailes : \u00c9gales ou non, de 3\/4 \u00e0 4 Tubes carr\u00e9s (ON) \u00c9paisseur : 1\/8, 3\/16, 1\/4 Largeur : de 1 \u00e0 4 Profil\u00e9s en [&hellip;]<\/p>\n","protected":false},"author":5,"featured_media":0,"parent":0,"menu_order":0,"comment_status":"closed","ping_status":"closed","template":"page-newproducts.php","meta":{"_coblocks_attr":"","_coblocks_dimensions":"","_coblocks_responsive_height":"","_coblocks_accordion_ie_support":"","_monsterinsights_skip_tracking":false,"_monsterinsights_sitenote_active":false,"_monsterinsights_sitenote_note":"","_monsterinsights_sitenote_category":0,"footnotes":""},"_links":{"self":[{"href":"https:\/\/www.fidelitypac.ca\/fr\/wp-json\/wp\/v2\/pages\/15072"}],"collection":[{"href":"https:\/\/www.fidelitypac.ca\/fr\/wp-json\/wp\/v2\/pages"}],"about":[{"href":"https:\/\/www.fidelitypac.ca\/fr\/wp-json\/wp\/v2\/types\/page"}],"author":[{"embeddable":true,"href":"https:\/\/www.fidelitypac.ca\/fr\/wp-json\/wp\/v2\/users\/5"}],"replies":[{"embeddable":true,"href":"https:\/\/www.fidelitypac.ca\/fr\/wp-json\/wp\/v2\/comments?post=15072"}],"version-history":[{"count":7,"href":"https:\/\/www.fidelitypac.ca\/fr\/wp-json\/wp\/v2\/pages\/15072\/revisions"}],"predecessor-version":[{"id":15328,"href":"https:\/\/www.fidelitypac.ca\/fr\/wp-json\/wp\/v2\/pages\/15072\/revisions\/15328"}],"wp:attachment":[{"href":"https:\/\/www.fidelitypac.ca\/fr\/wp-json\/wp\/v2\/media?parent=15072"}],"curies":[{"name":"wp","href":"https:\/\/api.w.org\/{rel}","templated":true}]}}