{"id":15117,"date":"2020-12-08T13:50:06","date_gmt":"2020-12-08T13:50:06","guid":{"rendered":"https:\/\/new.fidelitypac.ca\/french\/?page_id=15117"},"modified":"2024-03-13T00:22:31","modified_gmt":"2024-03-13T05:22:31","slug":"carre","status":"publish","type":"page","link":"https:\/\/www.fidelitypac.ca\/fr\/fiches-techniques\/carre\/","title":{"rendered":"CARR\u00c9"},"content":{"rendered":"\n<h2 class=\"wp-block-heading\">CARR\u00c9<\/h2>\n\n\n\n<figure class=\"wp-block-table is-style-regular\"><table><thead><tr><th>Produit<\/th><th>T\u00e9l\u00e9charger<\/th><\/tr><\/thead><tbody><tr><td><\/td><td><\/td><\/tr><tr><td>   303 Square <\/td><td><figure><figure><figure><a href=\"http:\/\/www.fidelitypac.ca\/en\/wp-content\/uploads\/2016\/05\/SpecD-303-Square-1.pdf\"><i class=\"fas fa-file-download\"><\/a><\/figure><\/figure><\/figure><\/td><\/tr><tr><td><\/td><td><\/td><\/tr><tr><td>  304L Square Bar  <\/td><td><figure><figure><figure><a href=\"http:\/\/www.fidelitypac.ca\/en\/wp-content\/uploads\/2016\/05\/SpecM-304L-Square-Bar-1.pdf\"><i class=\"fas fa-file-download\"><\/a><\/figure><\/figure><\/figure><\/td><\/tr><tr><td><\/td><td><\/td><\/tr><tr><td> 316L Square Bar <\/td><td><a href=\"http:\/\/www.fidelitypac.ca\/en\/wp-content\/uploads\/2016\/05\/SpecU-316L-Square-Bar-1.pdf\"><i class=\"fas fa-file-download\"><\/a><\/td><\/tr><tr><td><\/td><td><\/td><\/tr><\/tbody><\/table><\/figure>\n","protected":false},"excerpt":{"rendered":"<p>CARR\u00c9 Produit T\u00e9l\u00e9charger 303 Square 304L Square Bar 316L Square Bar<\/p>\n","protected":false},"author":5,"featured_media":0,"parent":14890,"menu_order":0,"comment_status":"closed","ping_status":"closed","template":"","meta":{"_coblocks_attr":"","_coblocks_dimensions":"","_coblocks_responsive_height":"","_coblocks_accordion_ie_support":"","_monsterinsights_skip_tracking":false,"_monsterinsights_sitenote_active":false,"_monsterinsights_sitenote_note":"","_monsterinsights_sitenote_category":0,"footnotes":""},"_links":{"self":[{"href":"https:\/\/www.fidelitypac.ca\/fr\/wp-json\/wp\/v2\/pages\/15117"}],"collection":[{"href":"https:\/\/www.fidelitypac.ca\/fr\/wp-json\/wp\/v2\/pages"}],"about":[{"href":"https:\/\/www.fidelitypac.ca\/fr\/wp-json\/wp\/v2\/types\/page"}],"author":[{"embeddable":true,"href":"https:\/\/www.fidelitypac.ca\/fr\/wp-json\/wp\/v2\/users\/5"}],"replies":[{"embeddable":true,"href":"https:\/\/www.fidelitypac.ca\/fr\/wp-json\/wp\/v2\/comments?post=15117"}],"version-history":[{"count":5,"href":"https:\/\/www.fidelitypac.ca\/fr\/wp-json\/wp\/v2\/pages\/15117\/revisions"}],"predecessor-version":[{"id":15426,"href":"https:\/\/www.fidelitypac.ca\/fr\/wp-json\/wp\/v2\/pages\/15117\/revisions\/15426"}],"up":[{"embeddable":true,"href":"https:\/\/www.fidelitypac.ca\/fr\/wp-json\/wp\/v2\/pages\/14890"}],"wp:attachment":[{"href":"https:\/\/www.fidelitypac.ca\/fr\/wp-json\/wp\/v2\/media?parent=15117"}],"curies":[{"name":"wp","href":"https:\/\/api.w.org\/{rel}","templated":true}]}}