{"id":15123,"date":"2020-12-08T13:52:45","date_gmt":"2020-12-08T13:52:45","guid":{"rendered":"https:\/\/new.fidelitypac.ca\/french\/?page_id=15123"},"modified":"2021-02-11T08:16:55","modified_gmt":"2021-02-11T08:16:55","slug":"soude","status":"publish","type":"page","link":"https:\/\/www.fidelitypac.ca\/fr\/fiches-techniques\/soude\/","title":{"rendered":"Soud\u00e9"},"content":{"rendered":"\n<h2 class=\"wp-block-heading\">Soud\u00e9<\/h2>\n\n\n\n<figure class=\"wp-block-table is-style-regular\"><table><thead><tr><th>Produit<\/th><th>T\u00e9l\u00e9charger<\/th><\/tr><\/thead><tbody><tr><td><\/td><td><\/td><\/tr><tr><td> Tube &amp; pipe burst chart <\/td><td><figure><figure><figure><figure><figure><figure><a href=\"http:\/\/www.fidelitypac.ca\/specsheets\/Tube-Pipe.pdf\"><i class=\"fas fa-file-download\"><\/a><\/figure><\/figure><\/figure><\/figure><\/figure><\/figure><\/td><\/tr><tr><td><\/td><td><\/td><\/tr><\/tbody><\/table><\/figure>\n","protected":false},"excerpt":{"rendered":"<p>Soud\u00e9 Produit T\u00e9l\u00e9charger Tube &amp; pipe burst chart<\/p>\n","protected":false},"author":5,"featured_media":0,"parent":14890,"menu_order":0,"comment_status":"closed","ping_status":"closed","template":"","meta":{"_coblocks_attr":"","_coblocks_dimensions":"","_coblocks_responsive_height":"","_coblocks_accordion_ie_support":"","_monsterinsights_skip_tracking":false,"_monsterinsights_sitenote_active":false,"_monsterinsights_sitenote_note":"","_monsterinsights_sitenote_category":0,"footnotes":""},"_links":{"self":[{"href":"https:\/\/www.fidelitypac.ca\/fr\/wp-json\/wp\/v2\/pages\/15123"}],"collection":[{"href":"https:\/\/www.fidelitypac.ca\/fr\/wp-json\/wp\/v2\/pages"}],"about":[{"href":"https:\/\/www.fidelitypac.ca\/fr\/wp-json\/wp\/v2\/types\/page"}],"author":[{"embeddable":true,"href":"https:\/\/www.fidelitypac.ca\/fr\/wp-json\/wp\/v2\/users\/5"}],"replies":[{"embeddable":true,"href":"https:\/\/www.fidelitypac.ca\/fr\/wp-json\/wp\/v2\/comments?post=15123"}],"version-history":[{"count":4,"href":"https:\/\/www.fidelitypac.ca\/fr\/wp-json\/wp\/v2\/pages\/15123\/revisions"}],"predecessor-version":[{"id":15278,"href":"https:\/\/www.fidelitypac.ca\/fr\/wp-json\/wp\/v2\/pages\/15123\/revisions\/15278"}],"up":[{"embeddable":true,"href":"https:\/\/www.fidelitypac.ca\/fr\/wp-json\/wp\/v2\/pages\/14890"}],"wp:attachment":[{"href":"https:\/\/www.fidelitypac.ca\/fr\/wp-json\/wp\/v2\/media?parent=15123"}],"curies":[{"name":"wp","href":"https:\/\/api.w.org\/{rel}","templated":true}]}}