{"id":15127,"date":"2020-12-08T13:54:16","date_gmt":"2020-12-08T13:54:16","guid":{"rendered":"https:\/\/new.fidelitypac.ca\/french\/?page_id=15127"},"modified":"2024-03-13T00:25:06","modified_gmt":"2024-03-13T05:25:06","slug":"pipe-soudee","status":"publish","type":"page","link":"https:\/\/www.fidelitypac.ca\/fr\/fiches-techniques\/pipe-soudee\/","title":{"rendered":"Pipe soud\u00e9e"},"content":{"rendered":"\n<h2 class=\"wp-block-heading\">Pipe soud\u00e9e<\/h2>\n\n\n\n<figure class=\"wp-block-table is-style-regular\"><table><thead><tr><th>Produit<\/th><th>T\u00e9l\u00e9charger<\/th><\/tr><\/thead><tbody><tr><td><\/td><td><\/td><\/tr><tr><td> 304L Welded Pipe <\/td><td><a href=\"http:\/\/www.fidelitypac.ca\/en\/wp-content\/uploads\/2016\/05\/SpecYA-304L-Welded-Pipe-1.pdf\"><i class=\"fas fa-file-download\"><\/a><\/td><\/tr><tr><td><\/td><td><\/td><\/tr><tr><td> 316L Welded Pipe <\/td><td><a href=\"http:\/\/www.fidelitypac.ca\/en\/wp-content\/uploads\/2016\/05\/SpecZA-316L-Welded-Pipe-1.pdf\"><i class=\"fas fa-file-download\"><\/a><\/td><\/tr><tr><td><\/td><td><\/td><\/tr><tr><td> Tube &amp; pipe burst chart <\/td><td><a href=\"http:\/\/www.fidelitypac.ca\/specsheets\/Tube-Pipe.pdf\"><i class=\"fas fa-file-download\"><\/a><\/td><\/tr><tr><td><\/td><td><\/td><\/tr><\/tbody><\/table><\/figure>\n","protected":false},"excerpt":{"rendered":"<p>Pipe soud\u00e9e Produit T\u00e9l\u00e9charger 304L Welded Pipe 316L Welded Pipe Tube &amp; pipe burst chart<\/p>\n","protected":false},"author":5,"featured_media":0,"parent":14890,"menu_order":0,"comment_status":"closed","ping_status":"closed","template":"","meta":{"_coblocks_attr":"","_coblocks_dimensions":"","_coblocks_responsive_height":"","_coblocks_accordion_ie_support":"","_monsterinsights_skip_tracking":false,"_monsterinsights_sitenote_active":false,"_monsterinsights_sitenote_note":"","_monsterinsights_sitenote_category":0,"footnotes":""},"_links":{"self":[{"href":"https:\/\/www.fidelitypac.ca\/fr\/wp-json\/wp\/v2\/pages\/15127"}],"collection":[{"href":"https:\/\/www.fidelitypac.ca\/fr\/wp-json\/wp\/v2\/pages"}],"about":[{"href":"https:\/\/www.fidelitypac.ca\/fr\/wp-json\/wp\/v2\/types\/page"}],"author":[{"embeddable":true,"href":"https:\/\/www.fidelitypac.ca\/fr\/wp-json\/wp\/v2\/users\/5"}],"replies":[{"embeddable":true,"href":"https:\/\/www.fidelitypac.ca\/fr\/wp-json\/wp\/v2\/comments?post=15127"}],"version-history":[{"count":5,"href":"https:\/\/www.fidelitypac.ca\/fr\/wp-json\/wp\/v2\/pages\/15127\/revisions"}],"predecessor-version":[{"id":15429,"href":"https:\/\/www.fidelitypac.ca\/fr\/wp-json\/wp\/v2\/pages\/15127\/revisions\/15429"}],"up":[{"embeddable":true,"href":"https:\/\/www.fidelitypac.ca\/fr\/wp-json\/wp\/v2\/pages\/14890"}],"wp:attachment":[{"href":"https:\/\/www.fidelitypac.ca\/fr\/wp-json\/wp\/v2\/media?parent=15127"}],"curies":[{"name":"wp","href":"https:\/\/api.w.org\/{rel}","templated":true}]}}