{"id":15135,"date":"2020-12-08T13:57:33","date_gmt":"2020-12-08T13:57:33","guid":{"rendered":"https:\/\/new.fidelitypac.ca\/french\/?page_id=15135"},"modified":"2021-02-07T10:18:36","modified_gmt":"2021-02-07T10:18:36","slug":"brides","status":"publish","type":"page","link":"https:\/\/www.fidelitypac.ca\/fr\/fiches-techniques\/brides\/","title":{"rendered":"Brides"},"content":{"rendered":"\n<h2 class=\"wp-block-heading\">Brides<\/h2>\n\n\n\n<figure class=\"wp-block-table is-style-regular\"><table><thead><tr><th>Produit<\/th><th>T\u00e9l\u00e9charger<\/th><\/tr><\/thead><tbody><tr><td><\/td><td><\/td><\/tr><tr><td>Bient\u00f4t disponible<\/td><td><\/td><\/tr><tr><td><\/td><td><\/td><\/tr><\/tbody><\/table><\/figure>\n","protected":false},"excerpt":{"rendered":"<p>Brides Produit T\u00e9l\u00e9charger Bient\u00f4t disponible<\/p>\n","protected":false},"author":5,"featured_media":0,"parent":14890,"menu_order":0,"comment_status":"closed","ping_status":"closed","template":"","meta":{"_coblocks_attr":"","_coblocks_dimensions":"","_coblocks_responsive_height":"","_coblocks_accordion_ie_support":"","_monsterinsights_skip_tracking":false,"_monsterinsights_sitenote_active":false,"_monsterinsights_sitenote_note":"","_monsterinsights_sitenote_category":0,"footnotes":""},"_links":{"self":[{"href":"https:\/\/www.fidelitypac.ca\/fr\/wp-json\/wp\/v2\/pages\/15135"}],"collection":[{"href":"https:\/\/www.fidelitypac.ca\/fr\/wp-json\/wp\/v2\/pages"}],"about":[{"href":"https:\/\/www.fidelitypac.ca\/fr\/wp-json\/wp\/v2\/types\/page"}],"author":[{"embeddable":true,"href":"https:\/\/www.fidelitypac.ca\/fr\/wp-json\/wp\/v2\/users\/5"}],"replies":[{"embeddable":true,"href":"https:\/\/www.fidelitypac.ca\/fr\/wp-json\/wp\/v2\/comments?post=15135"}],"version-history":[{"count":3,"href":"https:\/\/www.fidelitypac.ca\/fr\/wp-json\/wp\/v2\/pages\/15135\/revisions"}],"predecessor-version":[{"id":15227,"href":"https:\/\/www.fidelitypac.ca\/fr\/wp-json\/wp\/v2\/pages\/15135\/revisions\/15227"}],"up":[{"embeddable":true,"href":"https:\/\/www.fidelitypac.ca\/fr\/wp-json\/wp\/v2\/pages\/14890"}],"wp:attachment":[{"href":"https:\/\/www.fidelitypac.ca\/fr\/wp-json\/wp\/v2\/media?parent=15135"}],"curies":[{"name":"wp","href":"https:\/\/api.w.org\/{rel}","templated":true}]}}